{"id":2,"date":"2020-06-02T18:05:37","date_gmt":"2020-06-02T18:05:37","guid":{"rendered":"http:\/\/extincteurmontreal.com\/wordpress_beta\/?page_id=2"},"modified":"2020-06-11T18:06:32","modified_gmt":"2020-06-11T22:06:32","slug":"sample-page","status":"publish","type":"page","link":"https:\/\/extincteurmontreal.com\/","title":{"rendered":"Les extincteurs portatifs \u00e0 Montr\u00e9al"},"content":{"rendered":"\n<p>Dans ce site, vous trouverez de l&rsquo;information g\u00e9n\u00e9rale sur les extincteurs depuis les produits, ainsi que le service d\u2019entretien de ceux-ci.<\/p>\n\n\n\n<p>De prime abord, les extincteurs sont des appareils contenant une mati\u00e8re propre \u00e0 combattre les incendies. Ils sont pressuris\u00e9s avec un gaz, ce qui leur permet de propulser les agents d\u2019extinction.<\/p>\n\n\n\n<p>Au Canada, les extincteurs doivent \u00eatre homologu\u00e9s par les laboratoires des Assureurs du Canada. Sur chacun d&rsquo;eux, on doit y retrouver une \u00e9tiquette avec le logo ULC.<\/p>\n\n\n\n<p>Les extincteurs font partie des \u00e9l\u00e9ments de base pour combattre les incendies. Les extincteurs portatifs sont des \u00e9quipements essentiels pour tous types de b\u00e2timents. Pr\u00e9vus pour combattre le d\u00e9but d&rsquo;incendie, ils sont n\u00e9cessaires m\u00eame si votre b\u00e2timent est muni de gicleurs automatiques.<\/p>\n\n\n\n<p>Avant de choisir un extincteur, vous devez d&rsquo;abord \u00e9valuer votre exposition en termes de risque et de type d&rsquo;incendie.&nbsp; La NFPA (National Fire Protection Association) a mis au point une classification des extincteurs bas\u00e9e sur les lettres :<\/p>\n\n\n\n<p>Les feux avec comme combustibles du bois, papier et autres similaires, d\u00e9sign\u00e9s par la lettre <strong>A<\/strong>.<\/p>\n\n\n\n<p>Les feux avec comme combustibles des liquides inflammables et autres similaires, d\u00e9sign\u00e9s par la lettre <strong>B<\/strong>.<\/p>\n\n\n\n<p>Les feux impliquant un appareil \u00e9lectrique sous tension, d\u00e9sign\u00e9 par la lettre <strong>C<\/strong>.<\/p>\n\n\n\n<p>Les feux avec comme combustibles des m\u00e9taux tels que lithium, magn\u00e9sium et autres similaires, d\u00e9sign\u00e9s par la lettre <strong>D<\/strong>.<\/p>\n\n\n\n<p>Les feux avec comme combustibles des gaz de cuissons dans les cuisines commerciales d\u00e9sign\u00e9s par la lettre <strong>K<\/strong>.<\/p>\n\n\n\n<p>Les extincteurs portables peuvent contenir divers agents d&rsquo;extinction, chacun ayant des applications sp\u00e9cifiques. Chaque incendie n\u00e9cessite un type d&rsquo;extincteur sp\u00e9cifique. Par exemple, un feu de bois et de papier peut \u00eatre \u00e9teint avec un extincteur \u00e0 base d&rsquo;eau ordinaire (A), un extincteur \u00e0 base d&rsquo;eau distill\u00e9e (AC) ou un extincteur \u00e0 base de poudre (ABC). En fin de compte, le choix de l&rsquo;extincteur d\u00e9pendra de vos besoins sp\u00e9cifiques. Si votre environnement imm\u00e9diat comporte un risque potentiel de contamination ou d&rsquo;incendie \u00e9lectrique, vous exclurez alors les extincteurs \u00e0 base d&rsquo;eau (A) et les extincteurs \u00e0 base de poudre (ABC).<\/p>\n\n\n\n<p>Au niveau de l&rsquo;entretien d&rsquo;un extincteur, encore une fois, Sylprotec vous offre un service hors pair. Dans la section \u00ab\u00a0Services \u2013 Extincteurs\u00a0\u00bb vous trouverez toute l\u2019information n\u00e9cessaire afin de vous assurer d&rsquo;avoir des extincteurs portatifs fonctionnels et s\u00e9curitaires lorsque le moment sera venu. Divers programmes d&rsquo;inspection sont disponibles. Veillez noter que pour chaque inspection, ils \u00e9tablissent un rapport \u00e9crit. De plus, vous pourrez en profiter pour installer des affiches qui indiquent les emplacements de ceux-ci dans votre entreprise.<\/p>\n\n\n\n<p>Pour de plus amples d\u00e9tails sur les extincteurs ou pour une analyse sp\u00e9cifique de vos risques et de vos besoins, contactez-les.<\/p>\n\n\n\n<figure class=\"wp-block-image size-large\"><img loading=\"lazy\" decoding=\"async\" width=\"965\" height=\"470\" src=\"https:\/\/extincteurmontreal.com\/wordpress_beta\/wp-content\/uploads\/2020\/06\/extincteur-panopli-1.jpg\" alt=\"\" class=\"wp-image-18\" srcset=\"https:\/\/extincteurmontreal.com\/wp-content\/uploads\/2020\/06\/extincteur-panopli-1.jpg 965w, https:\/\/extincteurmontreal.com\/wp-content\/uploads\/2020\/06\/extincteur-panopli-1-300x146.jpg 300w, https:\/\/extincteurmontreal.com\/wp-content\/uploads\/2020\/06\/extincteur-panopli-1-768x374.jpg 768w\" sizes=\"auto, (max-width: 965px) 100vw, 965px\" \/><\/figure>\n\n\n\n<p>Sylvain Patrice t.p.i.<\/p>\n\n\n\n<p>Du m\u00eame auteur&nbsp;:<\/p>\n\n\n\n<p><a href=\"https:\/\/extincteurrivesud.com\/\" target=\"_blank\" rel=\"noreferrer noopener\">O\u00f9 dois-je l\u2019installer mon extincteur portatif\u2009dans mon b\u00e2timent\u2009?<\/a><\/p>\n\n\n\n<p><a href=\"https:\/\/extincteurslaval.com\/\" target=\"_blank\" rel=\"noreferrer noopener\">Les r\u00e8gles relatives \u00e0 la hauteur auquel vos extincteurs portatifs doivent \u00eatre fix\u00e9s.<\/a><\/p>\n\n\n\n<p><a href=\"https:\/\/eclairagedurgencerivenord.ca\/\" target=\"_blank\" rel=\"noreferrer noopener\">\u00c9clairage d\u2019urgence<\/a><\/p>\n\n\n\n<p><a href=\"https:\/\/cadenassagemontreal.com\/\" target=\"_blank\" rel=\"noreferrer noopener\">Un homme, un cadenas.<\/a><\/p>\n\n\n\n<p><a href=\"https:\/\/produitabsorbant.com\/\" target=\"_blank\" rel=\"noreferrer noopener\">Les mesures de gestion des risques environnementaux.<\/a><\/p>\n\n\n\n<p><a href=\"https:\/\/troussespremierssoins.ca\/\" target=\"_blank\" rel=\"noreferrer noopener\">Une question de contenu.<\/a><\/p>\n\n\n\n<p><a href=\"https:\/\/amiantesmontreal.com\/\" target=\"_blank\" rel=\"noreferrer noopener\">R\u00e9novations et protection contre l\u2019amiante.<\/a><\/p>\n","protected":false},"excerpt":{"rendered":"<p>Dans ce site, vous trouverez de l&rsquo;information g\u00e9n\u00e9rale sur les extincteurs depuis les produits, ainsi que le service d\u2019entretien de ceux-ci. De prime abord, les extincteurs sont des appareils contenant une mati\u00e8re propre \u00e0 combattre les incendies. Ils sont pressuris\u00e9s avec un gaz, ce qui leur permet de propulser les agents d\u2019extinction. Au Canada, les [&hellip;]<\/p>\n","protected":false},"author":1,"featured_media":0,"parent":0,"menu_order":0,"comment_status":"closed","ping_status":"closed","template":"","meta":{"footnotes":""},"class_list":["post-2","page","type-page","status-publish","hentry","post"],"_links":{"self":[{"href":"https:\/\/extincteurmontreal.com\/index.php?rest_route=\/wp\/v2\/pages\/2","targetHints":{"allow":["GET"]}}],"collection":[{"href":"https:\/\/extincteurmontreal.com\/index.php?rest_route=\/wp\/v2\/pages"}],"about":[{"href":"https:\/\/extincteurmontreal.com\/index.php?rest_route=\/wp\/v2\/types\/page"}],"author":[{"embeddable":true,"href":"https:\/\/extincteurmontreal.com\/index.php?rest_route=\/wp\/v2\/users\/1"}],"replies":[{"embeddable":true,"href":"https:\/\/extincteurmontreal.com\/index.php?rest_route=%2Fwp%2Fv2%2Fcomments&post=2"}],"version-history":[{"count":4,"href":"https:\/\/extincteurmontreal.com\/index.php?rest_route=\/wp\/v2\/pages\/2\/revisions"}],"predecessor-version":[{"id":20,"href":"https:\/\/extincteurmontreal.com\/index.php?rest_route=\/wp\/v2\/pages\/2\/revisions\/20"}],"wp:attachment":[{"href":"https:\/\/extincteurmontreal.com\/index.php?rest_route=%2Fwp%2Fv2%2Fmedia&parent=2"}],"curies":[{"name":"wp","href":"https:\/\/api.w.org\/{rel}","templated":true}]}}